{"id":3,"date":"2024-05-30T22:54:58","date_gmt":"2024-05-30T22:54:58","guid":{"rendered":"https:\/\/fileno.cz\/wordpress\/?page_id=3"},"modified":"2024-06-03T10:13:17","modified_gmt":"2024-06-03T10:13:17","slug":"privacy-policy","status":"publish","type":"page","link":"https:\/\/fileno.cz\/wordpress\/index.php\/privacy-policy\/","title":{"rendered":"Privacy Policy"},"content":{"rendered":"\n<h2 class=\"wp-block-heading\">SOUHLAS SE ZPRACOV\u00c1N\u00cdM OSOBN\u00cdCH \u00daDAJ\u016e A ELEKTRONICKOU KOMUNIKAC\u00cd<\/h2>\n\n\n\n<p>Souhlas\u00edm s t\u00edm, \u017ee spole\u010dnost FILENO s.r.o., se s\u00eddlem Praha 2, M\u00e1nesova 51, PS\u010c 120 00, I\u010c: 26298813, jako spr\u00e1vce, bude v souladu a ve smyslu na\u0159\u00edzen\u00ed Evropsk\u00e9ho parlamentu a Rady (EU) \u010d. 2016\/679 o ochran\u011b fyzick\u00fdch osob, pro \u00fa\u010dely marketingu, bezplatn\u00e9ho poskytov\u00e1n\u00ed informa\u010dn\u00edch slu\u017eeb o odborn\u00fdch aktivit\u00e1ch a semin\u00e1\u0159\u00edch organizovan\u00fdch spr\u00e1vcem, zpracov\u00e1vat a uchov\u00e1vat m\u00e9 osobn\u00ed \u00fadaje v rozsahu jak je poskytuji v tomto formul\u00e1\u0159i. Osobn\u00ed \u00fadaje budou zpracov\u00e1v\u00e1ny v datab\u00e1zi veden\u00e9 automatizovan\u011b (u elektronick\u00e9ho formul\u00e1\u0159e) a p\u0159\u00edpadn\u011b manu\u00e1ln\u011b (u listinn\u00e9ho formul\u00e1\u0159e), a to spr\u00e1vcem, p\u0159\u00edpadn\u011b zpracovatelem, se kter\u00fdm spr\u00e1vce uzav\u0159e smlouvu. Osobn\u00ed \u00fadaje budou zp\u0159\u00edstupn\u011bny pouze spr\u00e1vci resp. zpracovateli. Rovn\u011b\u017e souhlas\u00edm s komunikac\u00ed a se zas\u00edl\u00e1n\u00edm obchodn\u00edch sd\u011blen\u00ed elektronick\u00fdmi prost\u0159edky s vyu\u017eit\u00edm m\u00fdch kontaktn\u00edch \u00fadaj\u016f zde uveden\u00fdch. Prohla\u0161uji, \u017ee jsem byl sezn\u00e1men s n\u00ed\u017ee uveden\u00fdm pou\u010den\u00edm.<\/p>\n\n\n\n<h2 class=\"wp-block-heading\">Pou\u010den\u00ed<\/h2>\n\n\n\n<p>M\u00e1te pr\u00e1vo p\u0159\u00edstupu k osobn\u00edm \u00fadaj\u016fm o V\u00e1s zpracov\u00e1van\u00fdch a pr\u00e1vo na&nbsp;jejich opravu. Jestli\u017ee zjist\u00edte nebo se budete domn\u00edvat, \u017ee spr\u00e1vce nebo zpracovatel prov\u00e1d\u00ed zpracov\u00e1n\u00ed Va\u0161ich osobn\u00edch \u00fadaj\u016f v rozporu s ochranou Va\u0161eho soukrom\u00e9ho a osobn\u00edho \u017eivota nebo se z\u00e1konem, zejm\u00e9na budou-li osobn\u00ed \u00fadaje nep\u0159esn\u00e9 s ohledem na&nbsp;\u00fa\u010del jejich zpracov\u00e1n\u00ed, m\u016f\u017eete po\u017e\u00e1dat spr\u00e1vce nebo zpracovatele o vysv\u011btlen\u00ed a po\u017eadovat odstran\u011bn\u00ed tohoto stavu (zejm\u00e9na blokov\u00e1n\u00edm, opravou, dopln\u011bn\u00edm nebo likvidac\u00ed osobn\u00edch \u00fadaj\u016f). Bude-li tato Va\u0161e \u017e\u00e1dost shled\u00e1na opr\u00e1vn\u011bnou, spr\u00e1vce nebo zpracovatel odstran\u00ed neprodlen\u011b z\u00e1vadn\u00fd stav. Poskytnut\u00ed osobn\u00edch \u00fadaj\u016f je dobrovoln\u00e9.<\/p>\n\n\n\n<p>V p\u0159\u00edpad\u011b dotaz\u016f ohledn\u011b Souhlasu nebo \u017e\u00e1dosti o zm\u011bnu \u010di vymaz\u00e1n\u00ed \u00fadaj\u016f, za\u0161lete pros\u00edm mail na&nbsp;<a href=\"mailto:fileno@fileno.cz\">fileno@fileno.cz<\/a><\/p>\n\n\n\n<p><\/p>\n\n\n\n<h2 class=\"wp-block-heading\"><\/h2>\n\n\n\n<p><\/p>\n\n\n\n<h2 class=\"wp-block-heading\">Cookies<\/h2>\n\n\n\n<p><strong class=\"privacy-policy-tutorial\">Suggested text: <\/strong>If you leave a comment on our site you may opt-in to saving your name, email address and website in cookies. These are for your convenience so that you do not have to fill in your details again when you leave another comment. These cookies will last for one year.<\/p>\n\n\n\n<p>If you visit our login page, we will set a temporary cookie to determine if your browser accepts cookies. This cookie contains no personal data and is discarded when you close your browser.<\/p>\n\n\n\n<p>When you log in, we will also set up several cookies to save your login information and your screen display choices. Login cookies last for two days, and screen options cookies last for a year. If you select &#8220;Remember Me&#8221;, your login will persist for two weeks. If you log out of your account, the login cookies will be removed.<\/p>\n\n\n\n<p>If you edit or publish an article, an additional cookie will be saved in your browser. This cookie includes no personal data and simply indicates the post ID of the article you just edited. It expires after 1 day.<\/p>\n\n\n\n<h2 class=\"wp-block-heading\">Embedded content from other websites<\/h2>\n\n\n\n<p><strong class=\"privacy-policy-tutorial\">Suggested text: <\/strong>Articles on this site may include embedded content (e.g. videos, images, articles, etc.). Embedded content from other websites behaves in the exact same way as if the visitor has visited the other website.<\/p>\n\n\n\n<p>These websites may collect data about you, use cookies, embed additional third-party tracking, and monitor your interaction with that embedded content, including tracking your interaction with the embedded content if you have an account and are logged in to that website.<\/p>\n\n\n\n<h2 class=\"wp-block-heading\">Who we share your data with<\/h2>\n\n\n\n<p><strong class=\"privacy-policy-tutorial\">Suggested text: <\/strong>If you request a password reset, your IP address will be included in the reset email.<\/p>\n\n\n\n<h2 class=\"wp-block-heading\">How long we retain your data<\/h2>\n\n\n\n<p><strong class=\"privacy-policy-tutorial\">Suggested text: <\/strong>If you leave a comment, the comment and its metadata are retained indefinitely. This is so we can recognize and approve any follow-up comments automatically instead of holding them in a moderation queue.<\/p>\n\n\n\n<p>For users that register on our website (if any), we also store the personal information they provide in their user profile. All users can see, edit, or delete their personal information at any time (except they cannot change their username). Website administrators can also see and edit that information.<\/p>\n\n\n\n<h2 class=\"wp-block-heading\">What rights you have over your data<\/h2>\n\n\n\n<p><strong class=\"privacy-policy-tutorial\">Suggested text: <\/strong>If you have an account on this site, or have left comments, you can request to receive an exported file of the personal data we hold about you, including any data you have provided to us. You can also request that we erase any personal data we hold about you. This does not include any data we are obliged to keep for administrative, legal, or security purposes.<\/p>\n\n\n\n<h2 class=\"wp-block-heading\">Where your data is sent<\/h2>\n\n\n\n<p><strong class=\"privacy-policy-tutorial\">Suggested text: <\/strong>Visitor comments may be checked through an automated spam detection service.<\/p>\n","protected":false},"excerpt":{"rendered":"<p>SOUHLAS SE ZPRACOV\u00c1N\u00cdM OSOBN\u00cdCH \u00daDAJ\u016e A ELEKTRONICKOU KOMUNIKAC\u00cd Souhlas\u00edm s t\u00edm, \u017ee spole\u010dnost FILENO s.r.o., se s\u00eddlem Praha 2, M\u00e1nesova 51, PS\u010c 120 00, I\u010c: 26298813, jako spr\u00e1vce, bude v souladu a ve smyslu na\u0159\u00edzen\u00ed Evropsk\u00e9ho parlamentu a Rady (EU) \u010d. 2016\/679 o ochran\u011b fyzick\u00fdch osob, pro \u00fa\u010dely marketingu, bezplatn\u00e9ho poskytov\u00e1n\u00ed informa\u010dn\u00edch slu\u017eeb o odborn\u00fdch [&hellip;]<\/p>\n","protected":false},"author":1,"featured_media":0,"parent":0,"menu_order":0,"comment_status":"closed","ping_status":"open","template":"","meta":{"footnotes":""},"class_list":["post-3","page","type-page","status-publish","hentry"],"_links":{"self":[{"href":"https:\/\/fileno.cz\/wordpress\/index.php\/wp-json\/wp\/v2\/pages\/3","targetHints":{"allow":["GET"]}}],"collection":[{"href":"https:\/\/fileno.cz\/wordpress\/index.php\/wp-json\/wp\/v2\/pages"}],"about":[{"href":"https:\/\/fileno.cz\/wordpress\/index.php\/wp-json\/wp\/v2\/types\/page"}],"author":[{"embeddable":true,"href":"https:\/\/fileno.cz\/wordpress\/index.php\/wp-json\/wp\/v2\/users\/1"}],"replies":[{"embeddable":true,"href":"https:\/\/fileno.cz\/wordpress\/index.php\/wp-json\/wp\/v2\/comments?post=3"}],"version-history":[{"count":1,"href":"https:\/\/fileno.cz\/wordpress\/index.php\/wp-json\/wp\/v2\/pages\/3\/revisions"}],"predecessor-version":[{"id":24,"href":"https:\/\/fileno.cz\/wordpress\/index.php\/wp-json\/wp\/v2\/pages\/3\/revisions\/24"}],"wp:attachment":[{"href":"https:\/\/fileno.cz\/wordpress\/index.php\/wp-json\/wp\/v2\/media?parent=3"}],"curies":[{"name":"wp","href":"https:\/\/api.w.org\/{rel}","templated":true}]}}